{"id":37,"date":"2014-05-30T12:07:17","date_gmt":"2014-05-30T12:07:17","guid":{"rendered":""},"modified":"2025-01-03T13:02:48","modified_gmt":"2025-01-03T13:02:48","slug":"reservations","status":"publish","type":"page","link":"https:\/\/paradisegardenduesseldorf.de\/?page_id=37","title":{"rendered":"Reservierungen"},"content":{"rendered":"\t<div class=\"pixcode  pixcode--grid  grid\" >\n\t\t\t<div class=\"grid__item one-whole palm-one-whole\" >\n\t\t\n<h3>Reservieren Sie telefonisch<\/h3>\n<p>F\u00fcr eine Reservierung k\u00f6nnen Sie das Kontaktformular ausf\u00fcllen oder uns unter +49 211 78 77 28 kontaktieren.<\/p>\n<p>Entdecken Sie nicht nur die Aromen Griechenlands, sondern erleben Sie auch h\u00f6chsten Komfort \u2013 denn wir bieten einfache Parkm\u00f6glichkeiten direkt vor unserer T\u00fcr.Unsere Taverne liegt ganz in der N\u00e4he der Mitsubishi Electric Halle, und wir freuen uns darauf, Sie vor oder nach Ihren Veranstaltungen in dieser renommierten Location willkommen zu hei\u00dfen. Genie\u00dfen Sie die Bequemlichkeit, direkt bei uns zu parken und sich von unserer herzlichen Gastfreundschaft verw\u00f6hnen zu lassen.<\/p>\n<p><strong>\u00d6ffnungszeiten:<\/strong><br \/>\nDienstag &#8211; Samstag : 16:00 &#8211; 23:00 Uhr<br \/>\nSonntag: 12:00- 21:00 Uhr<br \/>\nMontag: Ruhetag<\/p>\n\t<\/div>\n\t<div class=\"empty_column grid__item six-twelfths palm-one-whole\" >\n\t\t\t<\/div>\n\t<\/div>\n\n<hr class=\"pixcode  pixcode--separator  separator\"\/>\n\n\t<div class=\"pixcode  pixcode--grid  grid\" >\n\t\t\t<div class=\"island grid__item six-twelfths palm-one-whole\" >\n\t\t\n<hgroup class=\"pixcode  pixcode--heading article__headline\">\n\t<h2 class=\"headline__secondary\"><span class=\"first-letter\">W<\/span>illkommen<\/h2>\n\t<h1 class=\"headline__primary\">Paradise Garden<\/h1>\n<\/hgroup>\n<div class=\"pixcode  pixcode--separator  separator separator--flower separator_color--dark\">&#10043;<\/div>\n\n<p style=\"text-align: center;\">Willkommen bei Paradise Garden, Ihrer Oase f\u00fcr authentische griechische K\u00fcche in D\u00fcsseldorf. Unsere Taverne vereint traditionelle Aromen Griechenlands mit modernem Flair, um Ihnen ein einzigartiges kulinarisches Erlebnis zu bieten.Unser Team von leidenschaftlichen K\u00f6chen bereitet jedes Gericht mit Liebe zum Detail zu, von frischen Meeresfr\u00fcchten bis zu saftig gegrilltem Fleisch.<\/p>\n\t<\/div>\n\t<div class=\"grid__item six-twelfths palm-one-whole\" >\n\t\t<img loading=\"lazy\" decoding=\"async\" class=\"alignnone wp-image-920 size-large\" src=\"https:\/\/paradisegardenduesseldorf.de\/wp-content\/uploads\/2023\/12\/pinakida1-1024x582.jpg\" alt=\"\" width=\"960\" height=\"546\" srcset=\"https:\/\/paradisegardenduesseldorf.de\/wp-content\/uploads\/2023\/12\/pinakida1-1024x582.jpg 1024w, https:\/\/paradisegardenduesseldorf.de\/wp-content\/uploads\/2023\/12\/pinakida1-300x171.jpg 300w, https:\/\/paradisegardenduesseldorf.de\/wp-content\/uploads\/2023\/12\/pinakida1-768x437.jpg 768w, https:\/\/paradisegardenduesseldorf.de\/wp-content\/uploads\/2023\/12\/pinakida1-1536x874.jpg 1536w, https:\/\/paradisegardenduesseldorf.de\/wp-content\/uploads\/2023\/12\/pinakida1-1200x683.jpg 1200w, https:\/\/paradisegardenduesseldorf.de\/wp-content\/uploads\/2023\/12\/pinakida1-900x512.jpg 900w, https:\/\/paradisegardenduesseldorf.de\/wp-content\/uploads\/2023\/12\/pinakida1-400x228.jpg 400w, https:\/\/paradisegardenduesseldorf.de\/wp-content\/uploads\/2023\/12\/pinakida1.jpg 1591w\" sizes=\"auto, (max-width: 960px) 100vw, 960px\" \/>\t<\/div>\n\t<\/div>\n\t<div class=\"pixcode  pixcode--grid  grid\" >\n\t\t\t<div class=\"grid__item six-twelfths palm-one-whole\" >\n\t\t\n<p><img loading=\"lazy\" decoding=\"async\" class=\"alignnone wp-image-916 size-full\" src=\"https:\/\/paradisegardenduesseldorf.de\/wp-content\/uploads\/2023\/12\/paradise-garden.jpg\" alt=\"\" width=\"580\" height=\"471\" srcset=\"https:\/\/paradisegardenduesseldorf.de\/wp-content\/uploads\/2023\/12\/paradise-garden.jpg 580w, https:\/\/paradisegardenduesseldorf.de\/wp-content\/uploads\/2023\/12\/paradise-garden-300x244.jpg 300w, https:\/\/paradisegardenduesseldorf.de\/wp-content\/uploads\/2023\/12\/paradise-garden-400x325.jpg 400w\" sizes=\"auto, (max-width: 580px) 100vw, 580px\" \/><\/p>\n\t<\/div>\n\t<div class=\"island grid__item six-twelfths palm-one-whole\" >\n\t\t\n<hgroup class=\"pixcode  pixcode--heading article__headline\">\n\t<h2 class=\"headline__secondary\"><span class=\"first-letter\">U<\/span>nser<\/h2>\n\t<h1 class=\"headline__primary\">Platz<\/h1>\n<\/hgroup>\n<div class=\"pixcode  pixcode--separator  separator separator--flower separator_color--dark\">&#10043;<\/div>\n\n<p>Unser Wintergarten bietet Ihnen selbst in den k\u00e4lteren Monaten ein gem\u00fctliches Ambiente, damit Sie Ihre griechischen Gaumenfreuden in einem behaglichen Rahmen erleben k\u00f6nnen. In den warmen Sommermonaten l\u00e4dt unser Biergarten dazu ein, die Sonne zu sp\u00fcren und unter freiem Himmel zu speisen. Hier k\u00f6nnen Sie sich von der lebendigen Atmosph\u00e4re inspirieren lassen und gleichzeitig unsere erlesenen Gerichte unter dem blauen Himmel genie\u00dfen.<\/p>\n\t<\/div>\n\t<\/div>\n\n<p>JETZT TISCH RESERVIEREN!<br \/>\nKONTAKT<\/p>\n\n<div class=\"wpcf7 no-js\" id=\"wpcf7-f851-o1\" lang=\"el\" dir=\"ltr\" data-wpcf7-id=\"851\">\n<div class=\"screen-reader-response\"><p role=\"status\" aria-live=\"polite\" aria-atomic=\"true\"><\/p> <ul><\/ul><\/div>\n<form action=\"\/index.php?rest_route=%2Fwp%2Fv2%2Fpages%2F37#wpcf7-f851-o1\" method=\"post\" class=\"wpcf7-form init\" aria-label=\"\u03a6\u03cc\u03c1\u03bc\u03b1 \u03b5\u03c0\u03b9\u03ba\u03bf\u03b9\u03bd\u03c9\u03bd\u03af\u03b1\u03c2\" novalidate=\"novalidate\" data-status=\"init\">\n<div style=\"display: none;\">\n<input type=\"hidden\" name=\"_wpcf7\" value=\"851\" \/>\n<input type=\"hidden\" name=\"_wpcf7_version\" value=\"6.0.6\" \/>\n<input type=\"hidden\" name=\"_wpcf7_locale\" value=\"el\" \/>\n<input type=\"hidden\" name=\"_wpcf7_unit_tag\" value=\"wpcf7-f851-o1\" \/>\n<input type=\"hidden\" name=\"_wpcf7_container_post\" value=\"0\" \/>\n<input type=\"hidden\" name=\"_wpcf7_posted_data_hash\" value=\"\" \/>\n<\/div>\n<p><label> Ihr Name<br \/>\n<span class=\"wpcf7-form-control-wrap\" data-name=\"your-name\"><input size=\"40\" maxlength=\"400\" class=\"wpcf7-form-control wpcf7-text wpcf7-validates-as-required\" autocomplete=\"name\" aria-required=\"true\" aria-invalid=\"false\" value=\"\" type=\"text\" name=\"your-name\" \/><\/span> <\/label>\n<\/p>\n<p><label> Ihre E-Mail<br \/>\n<span class=\"wpcf7-form-control-wrap\" data-name=\"your-email\"><input size=\"40\" maxlength=\"400\" class=\"wpcf7-form-control wpcf7-email wpcf7-validates-as-required wpcf7-text wpcf7-validates-as-email\" autocomplete=\"email\" aria-required=\"true\" aria-invalid=\"false\" value=\"\" type=\"email\" name=\"your-email\" \/><\/span> <\/label>\n<\/p>\n<p><label> Telefon<br \/>\n<span class=\"wpcf7-form-control-wrap\" data-name=\"your-subject\"><input size=\"40\" maxlength=\"400\" class=\"wpcf7-form-control wpcf7-text wpcf7-validates-as-required\" aria-required=\"true\" aria-invalid=\"false\" value=\"\" type=\"text\" name=\"your-subject\" \/><\/span> <\/label>\n<\/p>\n<p><label> Ihre Nachricht<br \/>\n<span class=\"wpcf7-form-control-wrap\" data-name=\"your-message\"><textarea cols=\"40\" rows=\"10\" maxlength=\"2000\" class=\"wpcf7-form-control wpcf7-textarea\" aria-invalid=\"false\" name=\"your-message\"><\/textarea><\/span> <\/label>\n<\/p>\n<p><input class=\"wpcf7-form-control wpcf7-submit has-spinner\" type=\"submit\" value=\"Vorlage\" \/>\n<\/p><div class=\"wpcf7-response-output\" aria-hidden=\"true\"><\/div>\n<\/form>\n<\/div>\n\n\t<div class=\"pixcode  pixcode--grid  grid\" >\n\t\t\t<div class=\"promo-box grid__item one-whole palm-one-whole\" >\n\t\t<div class=\"promo-box__container\">\n<h4 style=\"text-align: center;\">follow us on social media<\/h4>\n<p style=\"text-align: center;\"><a href=\"https:\/\/www.facebook.com\/profile.php?id=61554721948805&amp;locale=el_GR\" target=\"_blank\" rel=\"noopener\"><img loading=\"lazy\" decoding=\"async\" class=\"alignnone wp-image-871\" src=\"https:\/\/paradisegardenduesseldorf.de\/wp-content\/uploads\/2023\/12\/1964400_facebook_logo_media_social_icon.png\" alt=\"\" width=\"54\" height=\"54\" \/><\/a> <a href=\"https:\/\/www.instagram.com\/paradisegarden_duesseldorf\/?igshid=OGQ5ZDc2ODk2ZA%3D%3D\" target=\"_blank\" rel=\"noopener\"><img loading=\"lazy\" decoding=\"async\" class=\"alignnone wp-image-868\" src=\"https:\/\/paradisegardenduesseldorf.de\/wp-content\/uploads\/2023\/12\/7693314_instagram.png\" alt=\"\" width=\"54\" height=\"54\" \/><\/a> <a href=\"https:\/\/www.tripadvisor.com.gr\/Restaurant_Review-g20881794-d27110099-Reviews-Paradise_Garden-Duesseldorf_North_Rhine_Westphalia.html\" target=\"_blank\" rel=\"noopener\"><img loading=\"lazy\" decoding=\"async\" class=\"alignnone wp-image-1105\" src=\"https:\/\/paradisegardenduesseldorf.de\/wp-content\/uploads\/2024\/01\/tripadvisor-300x300.png\" alt=\"\" width=\"54\" height=\"54\" srcset=\"https:\/\/paradisegardenduesseldorf.de\/wp-content\/uploads\/2024\/01\/tripadvisor-300x300.png 300w, https:\/\/paradisegardenduesseldorf.de\/wp-content\/uploads\/2024\/01\/tripadvisor-150x150.png 150w, https:\/\/paradisegardenduesseldorf.de\/wp-content\/uploads\/2024\/01\/tripadvisor-400x400.png 400w, https:\/\/paradisegardenduesseldorf.de\/wp-content\/uploads\/2024\/01\/tripadvisor.png 512w\" sizes=\"auto, (max-width: 54px) 100vw, 54px\" \/><\/a><\/p>\n<\/div>\t<\/div>\n\n\t<\/div>\n\n","protected":false},"excerpt":{"rendered":"<p>JETZT TISCH RESERVIEREN! KONTAKT<\/p>\n","protected":false},"author":1,"featured_media":1004,"parent":0,"menu_order":0,"comment_status":"closed","ping_status":"closed","template":"","meta":{"footnotes":""},"class_list":["post-37","page","type-page","status-publish","has-post-thumbnail","hentry"],"_links":{"self":[{"href":"https:\/\/paradisegardenduesseldorf.de\/index.php?rest_route=\/wp\/v2\/pages\/37","targetHints":{"allow":["GET"]}}],"collection":[{"href":"https:\/\/paradisegardenduesseldorf.de\/index.php?rest_route=\/wp\/v2\/pages"}],"about":[{"href":"https:\/\/paradisegardenduesseldorf.de\/index.php?rest_route=\/wp\/v2\/types\/page"}],"author":[{"embeddable":true,"href":"https:\/\/paradisegardenduesseldorf.de\/index.php?rest_route=\/wp\/v2\/users\/1"}],"replies":[{"embeddable":true,"href":"https:\/\/paradisegardenduesseldorf.de\/index.php?rest_route=%2Fwp%2Fv2%2Fcomments&post=37"}],"version-history":[{"count":58,"href":"https:\/\/paradisegardenduesseldorf.de\/index.php?rest_route=\/wp\/v2\/pages\/37\/revisions"}],"predecessor-version":[{"id":1218,"href":"https:\/\/paradisegardenduesseldorf.de\/index.php?rest_route=\/wp\/v2\/pages\/37\/revisions\/1218"}],"wp:featuredmedia":[{"embeddable":true,"href":"https:\/\/paradisegardenduesseldorf.de\/index.php?rest_route=\/wp\/v2\/media\/1004"}],"wp:attachment":[{"href":"https:\/\/paradisegardenduesseldorf.de\/index.php?rest_route=%2Fwp%2Fv2%2Fmedia&parent=37"}],"curies":[{"name":"wp","href":"https:\/\/api.w.org\/{rel}","templated":true}]}}